{"id":726,"date":"2022-06-27T14:56:18","date_gmt":"2022-06-27T14:56:18","guid":{"rendered":"https:\/\/startersites.io\/elementor\/tasty\/?page_id=726"},"modified":"2024-12-25T08:24:19","modified_gmt":"2024-12-25T08:24:19","slug":"about","status":"publish","type":"page","link":"https:\/\/latercera.org\/es\/about\/","title":{"rendered":"About"},"content":{"rendered":"<div data-elementor-type=\"wp-page\" data-elementor-id=\"726\" class=\"elementor elementor-726\">\n\t\t\t\t<div class=\"elementor-element elementor-element-b11fb0b e-flex e-con-boxed e-con e-parent\" data-id=\"b11fb0b\" data-element_type=\"container\" data-e-type=\"container\">\n\t\t\t\t\t<div class=\"e-con-inner\">\n\t\t<div class=\"elementor-element elementor-element-1eb8e23 e-con-full e-flex e-con e-child\" data-id=\"1eb8e23\" data-element_type=\"container\" data-e-type=\"container\">\n\t\t\t\t<div class=\"elementor-element elementor-element-8af2249 elementor-widget elementor-widget-text-editor\" data-id=\"8af2249\" data-element_type=\"widget\" data-e-type=\"widget\" data-widget_type=\"text-editor.default\">\n\t\t\t\t<div class=\"elementor-widget-container\">\n\t\t\t\t\t\t\t\t\t<p>NUESTRA HISTORIA<\/p>\t\t\t\t\t\t\t\t<\/div>\n\t\t\t\t<\/div>\n\t\t\t\t<div class=\"elementor-element elementor-element-9a614d8 elementor-widget elementor-widget-heading\" data-id=\"9a614d8\" data-element_type=\"widget\" data-e-type=\"widget\" data-widget_type=\"heading.default\">\n\t\t\t\t<div class=\"elementor-widget-container\">\n\t\t\t\t\t<h2 class=\"elementor-heading-title elementor-size-default\">La Tercera<\/h2>\t\t\t\t<\/div>\n\t\t\t\t<\/div>\n\t\t\t\t<div class=\"elementor-element elementor-element-8242b26 elementor-widget elementor-widget-text-editor\" data-id=\"8242b26\" data-element_type=\"widget\" data-e-type=\"widget\" data-widget_type=\"text-editor.default\">\n\t\t\t\t<div class=\"elementor-widget-container\">\n\t\t\t\t\t\t\t\t\t<p>La Tercera naci\u00f3 de un profundo amor por las ricas tradiciones argentinas y del deseo de compartirlas con el mundo. Todo comenz\u00f3 con nuestra pasi\u00f3n por el asado, el mate y los sabores \u00fanicos que definen la cultura argentina. Nos dimos cuenta de que muchos de estos productos aut\u00e9nticos eran dif\u00edciles de encontrar fuera de Argentina, y quer\u00edamos cambiar eso.<\/p><p>Impulsados por un sentido de comunidad y un compromiso con la calidad, nos propusimos crear un espacio online donde la gente pudiera acceder f\u00e1cilmente a lo mejor de Argentina. Ya sean las carnes perfectamente cortadas para tu pr\u00f3xima barbacoa, las mejores yerbas para alimentar tu ritual del mate, o deliciosos dulces y aperitivos para satisfacer tus antojos, La Tercera lleva estas queridas tradiciones a tu puerta.<\/p><p>Lo que comenz\u00f3 como una peque\u00f1a idea se ha convertido en una pr\u00f3spera tienda de comercio electr\u00f3nico que no s\u00f3lo conecta a los argentinos en el extranjero con las comodidades de casa, sino que tambi\u00e9n introduce a otros en la magia de nuestra cultura. Cada producto que ofrecemos es cuidadosamente seleccionado, asegur\u00e1ndonos de que encarna la autenticidad y la pasi\u00f3n que sentimos por Argentina.<\/p><p>De nuestra familia a la suya, La Tercera es m\u00e1s que una tienda: es un puente hacia los sabores y las tradiciones que apreciamos.<\/p><p>\u00danase a nosotros para celebrar Argentina, un sorbo, un bocado y una experiencia a la vez.<\/p>\t\t\t\t\t\t\t\t<\/div>\n\t\t\t\t<\/div>\n\t\t\t\t<\/div>\n\t\t<div class=\"elementor-element elementor-element-cd32a90 e-con-full e-flex e-con e-child\" data-id=\"cd32a90\" data-element_type=\"container\" data-e-type=\"container\">\n\t\t\t\t<div class=\"elementor-element elementor-element-97f42ac elementor-widget elementor-widget-image\" data-id=\"97f42ac\" data-element_type=\"widget\" data-e-type=\"widget\" data-widget_type=\"image.default\">\n\t\t\t\t<div class=\"elementor-widget-container\">\n\t\t\t\t\t\t\t\t\t\t\t\t\t\t\t<img fetchpriority=\"high\" decoding=\"async\" width=\"500\" height=\"340\" src=\"https:\/\/latercera.org\/wp-content\/uploads\/2024\/09\/la-tercera-transperant-logo-e1727597954744.png\" class=\"attachment-large size-large wp-image-919\" alt=\"\" srcset=\"https:\/\/latercera.org\/wp-content\/uploads\/2024\/09\/la-tercera-transperant-logo-e1727597954744.png 500w, https:\/\/latercera.org\/wp-content\/uploads\/2024\/09\/la-tercera-transperant-logo-e1727597954744-300x204.png 300w\" sizes=\"(max-width: 500px) 100vw, 500px\" \/>\t\t\t\t\t\t\t\t\t\t\t\t\t\t\t<\/div>\n\t\t\t\t<\/div>\n\t\t\t\t<\/div>\n\t\t\t\t\t<\/div>\n\t\t\t\t<\/div>\n\t\t<div class=\"elementor-element elementor-element-c51067b e-flex e-con-boxed e-con e-parent\" data-id=\"c51067b\" data-element_type=\"container\" data-e-type=\"container\" data-settings=\"{&quot;background_background&quot;:&quot;classic&quot;}\">\n\t\t\t\t\t<div class=\"e-con-inner\">\n\t\t<div class=\"elementor-element elementor-element-a68d6a9 e-con-full e-flex e-con e-child\" data-id=\"a68d6a9\" data-element_type=\"container\" data-e-type=\"container\">\n\t\t\t\t<div class=\"elementor-element elementor-element-49ee4c6 elementor-widget elementor-widget-heading\" data-id=\"49ee4c6\" data-element_type=\"widget\" data-e-type=\"widget\" data-widget_type=\"heading.default\">\n\t\t\t\t<div class=\"elementor-widget-container\">\n\t\t\t\t\t<h2 class=\"elementor-heading-title elementor-size-default\">Acerca de La Tercera<\/h2>\t\t\t\t<\/div>\n\t\t\t\t<\/div>\n\t\t\t\t<div class=\"elementor-element elementor-element-6f22a6a elementor-widget elementor-widget-text-editor\" data-id=\"6f22a6a\" data-element_type=\"widget\" data-e-type=\"widget\" data-widget_type=\"text-editor.default\">\n\t\t\t\t<div class=\"elementor-widget-container\">\n\t\t\t\t\t\t\t\t\t<p>Bienvenido a La Tercera, su \u00fanico destino para productos aut\u00e9nticos argentinos entregados directamente a su puerta. Nos enorgullece ofrecerle la mejor selecci\u00f3n de carnes, yerbas, mates, pajitas, termos y deliciosos dulces y aperitivos, todos ellos seleccionados con esmero para ofrecerle un sabor casero o introducirle en las tradiciones culinarias \u00fanicas de Argentina.<\/p><p>En La Tercera, nuestra misi\u00f3n es simple: ofrecer productos de alta calidad que celebren la rica cultura y sabores de Argentina. Tanto si eres un entusiasta del mate, un amante de las carnes de primera calidad, o simplemente tienes antojo de algunos aperitivos tradicionales, tenemos algo para todos.<\/p><p>Creemos en la excelencia, no s\u00f3lo en nuestros productos, sino tambi\u00e9n en la experiencia de nuestros clientes. Compre con nosotros hoy mismo y disfrute de la calidez y la tradici\u00f3n de Argentina, est\u00e9 donde est\u00e9.<\/p><p>La Tercera - Acercando Argentina.<\/p>\t\t\t\t\t\t\t\t<\/div>\n\t\t\t\t<\/div>\n\t\t\t\t<\/div>\n\t\t\t\t\t<\/div>\n\t\t\t\t<\/div>\n\t\t<div class=\"elementor-element elementor-element-a1cc547 e-flex e-con-boxed e-con e-parent\" data-id=\"a1cc547\" data-element_type=\"container\" data-e-type=\"container\" data-settings=\"{&quot;background_background&quot;:&quot;classic&quot;}\">\n\t\t\t\t\t<div class=\"e-con-inner\">\n\t\t<div class=\"elementor-element elementor-element-6d8bf04 e-con-full e-flex e-con e-child\" data-id=\"6d8bf04\" data-element_type=\"container\" data-e-type=\"container\" data-settings=\"{&quot;background_background&quot;:&quot;classic&quot;}\">\n\t\t<div class=\"elementor-element elementor-element-99fb24e e-flex e-con-boxed e-con e-child\" data-id=\"99fb24e\" data-element_type=\"container\" data-e-type=\"container\">\n\t\t\t\t\t<div class=\"e-con-inner\">\n\t\t\t\t<div class=\"elementor-element elementor-element-14d6124 elementor-widget elementor-widget-heading\" data-id=\"14d6124\" data-element_type=\"widget\" data-e-type=\"widget\" data-widget_type=\"heading.default\">\n\t\t\t\t<div class=\"elementor-widget-container\">\n\t\t\t\t\t<h2 class=\"elementor-heading-title elementor-size-default\">Bolet\u00edn de noticias<\/h2>\t\t\t\t<\/div>\n\t\t\t\t<\/div>\n\t\t\t\t<div class=\"elementor-element elementor-element-2be1213 elementor-widget elementor-widget-text-editor\" data-id=\"2be1213\" data-element_type=\"widget\" data-e-type=\"widget\" data-widget_type=\"text-editor.default\">\n\t\t\t\t<div class=\"elementor-widget-container\">\n\t\t\t\t\t\t\t\t\t<p>Introduzca su direcci\u00f3n de correo electr\u00f3nico para suscribirse a nuestro bolet\u00edn de novedades y descuentos<\/p>\t\t\t\t\t\t\t\t<\/div>\n\t\t\t\t<\/div>\n\t\t\t\t\t<\/div>\n\t\t\t\t<\/div>\n\t\t\t\t<\/div>\n\t\t\t\t\t<\/div>\n\t\t\t\t<\/div>\n\t\t\t\t<\/div>","protected":false},"excerpt":{"rendered":"<p>Integer at faucibus urna. Nullam condimentum leo id elit sagittis auctor. Curabitur elementum nunc a leo imperdiet, nec elementum diam elementum. <\/p>","protected":false},"author":1,"featured_media":0,"parent":0,"menu_order":0,"comment_status":"closed","ping_status":"closed","template":"","meta":{"footnotes":""},"class_list":["post-726","page","type-page","status-publish","hentry"],"blocksy_meta":{"page_title_panel":"","has_hero_section":"default","4c3a8b97d08473a95169aadee21735a1":"","hero_section":"type-1","hero_elements":[{"id":"custom_title","enabled":true,"heading_tag":"h1","title":"Inicio"},{"id":"custom_description","enabled":true,"description_visibility":{"desktop":true,"tablet":true,"mobile":false}},{"id":"custom_meta","enabled":false,"meta_elements":[{"id":"author","enabled":true,"label":"By","has_author_avatar":"yes","avatar_size":25},{"id":"post_date","enabled":true,"label":"On","date_format_source":"default","date_format":"M j, Y"},{"id":"updated_date","enabled":false,"label":"On","date_format_source":"default","date_format":"M j, Y"},{"id":"categories","enabled":false,"label":"In","style":"simple"},{"id":"comments","enabled":true}],"page_meta_elements":{"joined":true,"articles_count":true,"comments":true}},{"id":"breadcrumbs","enabled":false}],"105c6c3310cea4c66ed20b55eeb7cc66":"","hero_alignment1":"CT_CSS_SKIP_RULE","hero_margin":40,"hero_alignment2":"center","hero_vertical_alignment":"center","06f83adabed992dcc503294a9f704078":"","hero_structure":"narrow","277346081f354e5fb9ad02749e35cc40":"","page_title_bg_type":"featured_image","custom_hero_background":{"attachment_id":null},"page_title_image_size":"full","parallax":{"desktop":false,"tablet":false,"mobile":false},"dbf84b3a718961941c93fed5935edc33":"","hero_height":"250px","pageTitleFont":{"family":"Default","variation":"Default","size":"30px","line-height":"CT_CSS_SKIP_RULE","letter-spacing":"CT_CSS_SKIP_RULE","text-transform":"CT_CSS_SKIP_RULE","text-decoration":"CT_CSS_SKIP_RULE"},"pageTitleFontColor":{"default":{"color":"CT_CSS_SKIP_RULEDEFAULT"}},"pageMetaFont":{"family":"Default","variation":"n6","size":"12px","line-height":"1.3","letter-spacing":"CT_CSS_SKIP_RULE","text-transform":"uppercase","text-decoration":"CT_CSS_SKIP_RULE"},"pageMetaFontColor":{"default":{"color":"CT_CSS_SKIP_RULEDEFAULT"},"hover":{"color":"CT_CSS_SKIP_RULEDEFAULT"}},"page_meta_button_type_font_colors":{"default":{"color":"CT_CSS_SKIP_RULEDEFAULT"},"hover":{"color":"CT_CSS_SKIP_RULEDEFAULT"}},"page_meta_button_type_background_colors":{"default":{"color":"CT_CSS_SKIP_RULEDEFAULT"},"hover":{"color":"CT_CSS_SKIP_RULEDEFAULT"}},"pageExcerptFont":{"family":"Default","variation":"Default","size":"CT_CSS_SKIP_RULE","line-height":"CT_CSS_SKIP_RULE","letter-spacing":"CT_CSS_SKIP_RULE","text-transform":"CT_CSS_SKIP_RULE","text-decoration":"CT_CSS_SKIP_RULE"},"pageExcerptColor":{"default":{"color":"CT_CSS_SKIP_RULEDEFAULT"}},"breadcrumbsFont":{"family":"Default","variation":"Default","size":"CT_CSS_SKIP_RULE","line-height":"CT_CSS_SKIP_RULE","letter-spacing":"CT_CSS_SKIP_RULE","text-transform":"CT_CSS_SKIP_RULE","text-decoration":"CT_CSS_SKIP_RULE"},"breadcrumbsFontColor":{"default":{"color":"CT_CSS_SKIP_RULEDEFAULT"},"initial":{"color":"CT_CSS_SKIP_RULEDEFAULT"},"hover":{"color":"CT_CSS_SKIP_RULEDEFAULT"}},"pageTitleOverlay":{"background_type":"color","background_pattern":"type-1","background_image":{"attachment_id":null,"x":0,"y":0},"gradient":"linear-gradient(135deg,rgba(6,147,227,1) 0%,rgb(155,81,224) 100%)","background_repeat":"repeat","background_size":"auto","background_attachment":"scroll","patternColor":{"default":{"color":"#e5e7ea"}},"overlayColor":{"default":{"color":"CT_CSS_SKIP_RULE"}},"backgroundColor":{"default":{"color":"CT_CSS_SKIP_RULE"}}},"pageTitleBackground":{"background_type":"color","background_pattern":"type-1","background_image":{"attachment_id":null,"x":0,"y":0},"gradient":"linear-gradient(135deg,rgba(6,147,227,1) 0%,rgb(155,81,224) 100%)","background_repeat":"repeat","background_size":"auto","background_attachment":"scroll","patternColor":{"default":{"color":"#e5e7ea"}},"overlayColor":{"default":{"color":"CT_CSS_SKIP_RULE"}},"backgroundColor":{"default":{"color":"var(--theme-palette-color-6)"}}},"pageTitlePadding":{"top":"50px","bottom":"50px","left":"auto","right":"auto","linked":true},"1770dd5e50bab6a8aad326fc5bcf50a1":"","page_structure_type":"default","a1cdc198ddf9ca3295628e3cc0c91d29":"","content_style_source":"inherit","content_style":"wide","vertical_spacing_source":"custom","content_area_spacing":"none","background":{"background_type":"color","background_pattern":"type-1","background_image":{"attachment_id":null,"x":0,"y":0},"gradient":"linear-gradient(135deg,rgba(6,147,227,1) 0%,rgb(155,81,224) 100%)","background_repeat":"repeat","background_size":"auto","background_attachment":"scroll","patternColor":{"default":{"color":"#e5e7ea"}},"overlayColor":{"default":{"color":"CT_CSS_SKIP_RULE"}},"backgroundColor":{"default":{"color":"CT_CSS_SKIP_RULE"}}},"content_background":{"background_type":"color","background_pattern":"type-1","background_image":{"attachment_id":null,"x":0,"y":0},"gradient":"linear-gradient(135deg,rgba(6,147,227,1) 0%,rgb(155,81,224) 100%)","background_repeat":"repeat","background_size":"auto","background_attachment":"scroll","patternColor":{"default":{"color":"#e5e7ea"}},"overlayColor":{"default":{"color":"CT_CSS_SKIP_RULE"}},"backgroundColor":{"default":{"color":"var(--theme-palette-color-8)"}}},"content_boxed_shadow":{"inherit":false,"blur":18,"spread":-6,"v_offset":12,"h_offset":0,"inset":false,"enable":true,"color":{"color":"rgba(34, 56, 101, 0.04)"}},"content_boxed_border":{"width":1,"style":"none","color":{"color":"rgba(44,62,80,0.2)"}},"content_boxed_radius":{"top":"3px","bottom":"3px","left":"3px","right":"3px","linked":true},"boxed_content_spacing":{"desktop":{"top":"40px","bottom":"40px","left":"40px","right":"40px","linked":true},"tablet":{"top":"35px","bottom":"35px","left":"35px","right":"35px","linked":true},"mobile":{"top":"20px","bottom":"20px","left":"20px","right":"20px","linked":true}},"425de3d825d4dd425df547c143bbed6a":"","disable_featured_image":"no","disable_share_box":"no","disable_header":"no","disable_footer":"no","styles_descriptor":{"styles":{"desktop":"","tablet":"","mobile":""},"google_fonts":[],"version":6}},"jetpack_sharing_enabled":true,"_links":{"self":[{"href":"https:\/\/latercera.org\/es\/wp-json\/wp\/v2\/pages\/726","targetHints":{"allow":["GET"]}}],"collection":[{"href":"https:\/\/latercera.org\/es\/wp-json\/wp\/v2\/pages"}],"about":[{"href":"https:\/\/latercera.org\/es\/wp-json\/wp\/v2\/types\/page"}],"author":[{"embeddable":true,"href":"https:\/\/latercera.org\/es\/wp-json\/wp\/v2\/users\/1"}],"replies":[{"embeddable":true,"href":"https:\/\/latercera.org\/es\/wp-json\/wp\/v2\/comments?post=726"}],"version-history":[{"count":21,"href":"https:\/\/latercera.org\/es\/wp-json\/wp\/v2\/pages\/726\/revisions"}],"predecessor-version":[{"id":1411,"href":"https:\/\/latercera.org\/es\/wp-json\/wp\/v2\/pages\/726\/revisions\/1411"}],"wp:attachment":[{"href":"https:\/\/latercera.org\/es\/wp-json\/wp\/v2\/media?parent=726"}],"curies":[{"name":"wp","href":"https:\/\/api.w.org\/{rel}","templated":true}]}}