{"id":1116,"date":"2024-10-06T12:01:01","date_gmt":"2024-10-06T12:01:01","guid":{"rendered":"https:\/\/latercera.org\/?post_type=product&#038;p=1116"},"modified":"2025-05-07T07:03:35","modified_gmt":"2025-05-07T07:03:35","slug":"argentinean-beef-striploin","status":"publish","type":"product","link":"https:\/\/latercera.org\/es\/producto\/argentinean-beef-striploin\/","title":{"rendered":"Ternera Argentina (Striploin) BIFE ANGOSTO SIN CORDON"},"content":{"rendered":"<h1>Solomillo de buey argentino<\/h1>\n<p>&nbsp;<\/p>\n<h2>Descubra el sabor \u00fanico<\/h2>\n<p>El lomo de buey argentino es famoso por su rico sabor y ternura. Este corte de carne procede de la secci\u00f3n corta del lomo, proporcionando una experiencia deliciosamente jugosa en cada bocado. Ya sea a la parrilla, asado o salteado, ofrece un sabor apetitoso que destaca.<\/p>\n<h2>Calidad de confianza<\/h2>\n<p>Criado en los exuberantes pastos de Argentina, nuestro lomo de buey procede de ganado alimentado con hierba y libre de hormonas. Este compromiso con la calidad garantiza que reciba el mejor producto posible para sus creaciones culinarias.<\/p>\n<h2>Consejos de cocina para unos resultados perfectos<\/h2>\n<p>Para conseguir la cocci\u00f3n perfecta de su lomo de buey argentino, le recomendamos que lo churrusque a fuego fuerte y lo termine en el horno para conseguir una terneza \u00f3ptima. Este m\u00e9todo realza los sabores naturales de la carne, convirti\u00e9ndola en una deliciosa pieza central para cualquier comida.<\/p>","protected":false},"excerpt":{"rendered":"<figure id=\"attachment_1447\" aria-describedby=\"caption-attachment-1447\" style=\"width: 300px\" class=\"wp-caption alignnone\"><a href=\"https:\/\/latercera.org\/wp-content\/uploads\/2024\/12\/aprox.png\"><img decoding=\"async\" class=\"size-medium wp-image-1447\" title=\"aprox\" src=\"https:\/\/latercera.org\/wp-content\/uploads\/2024\/12\/aprox-300x150.png\" alt=\"aprox\" width=\"300\" height=\"150\" srcset=\"https:\/\/latercera.org\/wp-content\/uploads\/2024\/12\/aprox-300x150.png 300w, https:\/\/latercera.org\/wp-content\/uploads\/2024\/12\/aprox-18x9.png 18w, https:\/\/latercera.org\/wp-content\/uploads\/2024\/12\/aprox.png 600w\" sizes=\"(max-width: 300px) 100vw, 300px\" \/><\/a><figcaption id=\"caption-attachment-1447\" class=\"wp-caption-text\"><strong>Los pesos son aproximados. El peso final se actualizar\u00e1 en la factura definitiva.\u00a0<\/strong><\/figcaption><\/figure>","protected":false},"featured_media":1125,"comment_status":"open","ping_status":"closed","template":"","meta":[],"product_brand":[],"product_cat":[32],"product_tag":[],"class_list":{"0":"post-1116","1":"product","2":"type-product","3":"status-publish","4":"has-post-thumbnail","6":"product_cat-meat","8":"first","9":"outofstock","10":"shipping-taxable","11":"purchasable","12":"product-type-variable"},"jetpack_sharing_enabled":true,"_links":{"self":[{"href":"https:\/\/latercera.org\/es\/wp-json\/wp\/v2\/product\/1116","targetHints":{"allow":["GET"]}}],"collection":[{"href":"https:\/\/latercera.org\/es\/wp-json\/wp\/v2\/product"}],"about":[{"href":"https:\/\/latercera.org\/es\/wp-json\/wp\/v2\/types\/product"}],"replies":[{"embeddable":true,"href":"https:\/\/latercera.org\/es\/wp-json\/wp\/v2\/comments?post=1116"}],"wp:featuredmedia":[{"embeddable":true,"href":"https:\/\/latercera.org\/es\/wp-json\/wp\/v2\/media\/1125"}],"wp:attachment":[{"href":"https:\/\/latercera.org\/es\/wp-json\/wp\/v2\/media?parent=1116"}],"wp:term":[{"taxonomy":"product_brand","embeddable":true,"href":"https:\/\/latercera.org\/es\/wp-json\/wp\/v2\/product_brand?post=1116"},{"taxonomy":"product_cat","embeddable":true,"href":"https:\/\/latercera.org\/es\/wp-json\/wp\/v2\/product_cat?post=1116"},{"taxonomy":"product_tag","embeddable":true,"href":"https:\/\/latercera.org\/es\/wp-json\/wp\/v2\/product_tag?post=1116"}],"curies":[{"name":"wp","href":"https:\/\/api.w.org\/{rel}","templated":true}]}}