{"id":1137,"date":"2024-10-06T12:54:06","date_gmt":"2024-10-06T12:54:06","guid":{"rendered":"https:\/\/latercera.org\/?post_type=product&#038;p=1137"},"modified":"2025-05-30T14:29:44","modified_gmt":"2025-05-30T14:29:44","slug":"argentinean-beef-tri-tip","status":"publish","type":"product","link":"https:\/\/latercera.org\/es\/producto\/argentinean-beef-tri-tip\/","title":{"rendered":"Ternera argentina (Tri-Tip)COLITA DE CUADRIL"},"content":{"rendered":"<h1>Ternera argentina (Tri-Tip)<\/h1>\n<h2>\u00bfQu\u00e9 es el Tri-Tip de Vacuno Argentino?<\/h2>\n<p>El tri-tip de ternera argentina es un sabroso corte que procede del solomillo inferior. Conocido por su rico sabor y ternura, el tri-tip es popular entre los aficionados a la parrilla y es un alimento b\u00e1sico en la cocina argentina.<\/p>\n<h2>\u00bfPor qu\u00e9 elegir Tri-Tip de Vacuno Argentino?<\/h2>\n<p>Este corte de primera calidad ofrece un equilibrio perfecto entre magro y veteado, por lo que es ideal para una gran variedad de m\u00e9todos de cocci\u00f3n. El perfil de sabor \u00fanico de la ternera argentina, influenciado por el ganado alimentado con pasto de Argentina, proporciona una experiencia culinaria excepcional que es a la vez sabrosa y satisfactoria.<\/p>\n<h2>Consejos para cocinar Tri-Tip<\/h2>\n<p>Para disfrutar de todo el sabor de la tripa de ternera argentina, mar\u00ednela antes de asarla. Para mantener su jugosidad, procure que quede poco hecha y c\u00f3rtela a contrapelo para disfrutar de la mejor experiencia culinaria. Mejore su comida con este exquisito corte de ternera.<\/p>","protected":false},"excerpt":{"rendered":"<figure id=\"attachment_1447\" aria-describedby=\"caption-attachment-1447\" style=\"width: 300px\" class=\"wp-caption alignnone\"><a href=\"https:\/\/latercera.org\/wp-content\/uploads\/2024\/12\/aprox.png\"><img decoding=\"async\" class=\"size-medium wp-image-1447\" title=\"aprox\" src=\"https:\/\/latercera.org\/wp-content\/uploads\/2024\/12\/aprox-300x150.png\" alt=\"aprox\" width=\"300\" height=\"150\" srcset=\"https:\/\/latercera.org\/wp-content\/uploads\/2024\/12\/aprox-300x150.png 300w, https:\/\/latercera.org\/wp-content\/uploads\/2024\/12\/aprox-18x9.png 18w, https:\/\/latercera.org\/wp-content\/uploads\/2024\/12\/aprox.png 600w\" sizes=\"(max-width: 300px) 100vw, 300px\" \/><\/a><figcaption id=\"caption-attachment-1447\" class=\"wp-caption-text\"><strong>Los pesos son aproximados. El peso final se actualizar\u00e1 en la factura definitiva.\u00a0<\/strong><\/figcaption><\/figure>","protected":false},"featured_media":1129,"comment_status":"open","ping_status":"closed","template":"","meta":[],"product_brand":[],"product_cat":[32],"product_tag":[],"class_list":{"0":"post-1137","1":"product","2":"type-product","3":"status-publish","4":"has-post-thumbnail","6":"product_cat-meat","8":"first","9":"outofstock","10":"shipping-taxable","11":"purchasable","12":"product-type-variable","13":"has-default-attributes"},"jetpack_sharing_enabled":true,"_links":{"self":[{"href":"https:\/\/latercera.org\/es\/wp-json\/wp\/v2\/product\/1137","targetHints":{"allow":["GET"]}}],"collection":[{"href":"https:\/\/latercera.org\/es\/wp-json\/wp\/v2\/product"}],"about":[{"href":"https:\/\/latercera.org\/es\/wp-json\/wp\/v2\/types\/product"}],"replies":[{"embeddable":true,"href":"https:\/\/latercera.org\/es\/wp-json\/wp\/v2\/comments?post=1137"}],"wp:featuredmedia":[{"embeddable":true,"href":"https:\/\/latercera.org\/es\/wp-json\/wp\/v2\/media\/1129"}],"wp:attachment":[{"href":"https:\/\/latercera.org\/es\/wp-json\/wp\/v2\/media?parent=1137"}],"wp:term":[{"taxonomy":"product_brand","embeddable":true,"href":"https:\/\/latercera.org\/es\/wp-json\/wp\/v2\/product_brand?post=1137"},{"taxonomy":"product_cat","embeddable":true,"href":"https:\/\/latercera.org\/es\/wp-json\/wp\/v2\/product_cat?post=1137"},{"taxonomy":"product_tag","embeddable":true,"href":"https:\/\/latercera.org\/es\/wp-json\/wp\/v2\/product_tag?post=1137"}],"curies":[{"name":"wp","href":"https:\/\/api.w.org\/{rel}","templated":true}]}}