{"id":1150,"date":"2024-10-08T10:50:12","date_gmt":"2024-10-08T10:50:12","guid":{"rendered":"https:\/\/latercera.org\/?post_type=product&#038;p=1150"},"modified":"2025-10-10T21:32:54","modified_gmt":"2025-10-10T21:32:54","slug":"la-merced-yerba-mate","status":"publish","type":"product","link":"https:\/\/latercera.org\/es\/producto\/la-merced-yerba-mate\/","title":{"rendered":"La Merced Yerba Mate 500g (3 Sabores)"},"content":{"rendered":"<h2>\u00bfQu\u00e9 es la Yerba Mate La Merced?<\/h2>\n<p>La Merced Yerba Mate es un t\u00e9 argentino de primera calidad conocido por su rico sabor y sus m\u00e9todos de preparaci\u00f3n tradicionales. Cada sorbo ofrece un sabor vibrante, por lo que es un favorito entre los veteranos y los reci\u00e9n llegados por igual.<\/p>\n<h2>Beneficios de disfrutar la Yerba Mate La Merced<\/h2>\n<p>Esta deliciosa yerba mate est\u00e1 llena de antioxidantes y nutrientes esenciales, proporcionando un impulso de energ\u00eda natural sin los nervios asociados con otras bebidas con cafe\u00edna. Es una forma maravillosa de mantenerse fresco durante todo el d\u00eda.<\/p>\n<h2>C\u00f3mo preparar su yerba mate La Merced<\/h2>\n<p>Preparar la Yerba Mate La Merced es muy sencillo. Utiliza una calabaza y una bombilla o simplemente ponla a remojar en agua caliente. Personaliza la fuerza y disfruta de esta querida bebida sudamericana en casa o con amigos.<\/p>","protected":false},"excerpt":{"rendered":"<p>What is La Merced Yerba Mate? La Merced Yerba Mate is a premium Argentine tea known for its rich flavor and traditional preparation methods. Each sip offers a vibrant taste, making it a favorite among veterans and newcomers alike. Benefits of Enjoying La Merced Yerba Mate This delightful yerba mate is packed with antioxidants and [&hellip;]<\/p>","protected":false},"featured_media":1209,"comment_status":"open","ping_status":"closed","template":"","meta":[],"product_brand":[],"product_cat":[33],"product_tag":[],"class_list":{"0":"post-1150","1":"product","2":"type-product","3":"status-publish","4":"has-post-thumbnail","6":"product_cat-yerba-mates","8":"first","9":"instock","10":"shipping-taxable","11":"purchasable","12":"product-type-variable"},"jetpack_sharing_enabled":true,"_links":{"self":[{"href":"https:\/\/latercera.org\/es\/wp-json\/wp\/v2\/product\/1150","targetHints":{"allow":["GET"]}}],"collection":[{"href":"https:\/\/latercera.org\/es\/wp-json\/wp\/v2\/product"}],"about":[{"href":"https:\/\/latercera.org\/es\/wp-json\/wp\/v2\/types\/product"}],"replies":[{"embeddable":true,"href":"https:\/\/latercera.org\/es\/wp-json\/wp\/v2\/comments?post=1150"}],"wp:featuredmedia":[{"embeddable":true,"href":"https:\/\/latercera.org\/es\/wp-json\/wp\/v2\/media\/1209"}],"wp:attachment":[{"href":"https:\/\/latercera.org\/es\/wp-json\/wp\/v2\/media?parent=1150"}],"wp:term":[{"taxonomy":"product_brand","embeddable":true,"href":"https:\/\/latercera.org\/es\/wp-json\/wp\/v2\/product_brand?post=1150"},{"taxonomy":"product_cat","embeddable":true,"href":"https:\/\/latercera.org\/es\/wp-json\/wp\/v2\/product_cat?post=1150"},{"taxonomy":"product_tag","embeddable":true,"href":"https:\/\/latercera.org\/es\/wp-json\/wp\/v2\/product_tag?post=1150"}],"curies":[{"name":"wp","href":"https:\/\/api.w.org\/{rel}","templated":true}]}}