{"id":1159,"date":"2024-10-08T12:29:25","date_gmt":"2024-10-08T12:29:25","guid":{"rendered":"https:\/\/latercera.org\/?post_type=product&#038;p=1159"},"modified":"2026-04-14T18:01:02","modified_gmt":"2026-04-14T18:01:02","slug":"taragui-yerba-mate","status":"publish","type":"product","link":"https:\/\/latercera.org\/es\/producto\/taragui-yerba-mate\/","title":{"rendered":"Taragui Yerba Mate"},"content":{"rendered":"<h2>\u00bfQu\u00e9 es la Yerba Mate Taragui?<\/h2>\n<p>La yerba mate Taragui es una apreciada bebida originaria de Sudam\u00e9rica, conocida por su rico sabor y sus propiedades energizantes. Esta bebida \u00fanica se elabora a partir de las hojas de la planta Ilex paraguariensis, ofreciendo una experiencia deliciosa a todos los aficionados al mate.<\/p>\n<h2>\u00bfPor qu\u00e9 elegir Taragui?<\/h2>\n<p>Con su sabor robusto, la yerba mate Taragui proporciona un equilibrio perfecto de amargor y notas herb\u00e1ceas, por lo que es una opci\u00f3n ideal tanto para bebedores nuevos como experimentados. Su versatilidad permite disfrutarla caliente o fr\u00eda, proporcionando hidrataci\u00f3n y un suave impulso de cafe\u00edna.<\/p>\n<h2>C\u00f3mo preparar Taragui Yerba Mate<\/h2>\n<p>Preparar la yerba Taragui es muy sencillo. S\u00f3lo tienes que llenar tu calabaza con yerba, inclinarla para crear una inclinaci\u00f3n, y a\u00f1adir agua caliente (pero no hirviendo). \u00a1Sorbe a trav\u00e9s de una bombilla, y disfruta del aroma y sabor que Taragui trae a tu d\u00eda!<\/p>","protected":false},"excerpt":{"rendered":"<p>What is Taragui Yerba Mate? Taragui yerba mate is a cherished beverage originating from South America, known for its rich flavor and energizing properties. This unique drink is made from the leaves of the Ilex paraguariensis plant, offering a delightful experience for all mate enthusiasts. Why Choose Taragui? With its robust taste, Taragui yerba mate [&hellip;]<\/p>","protected":false},"featured_media":1627,"comment_status":"open","ping_status":"closed","template":"","meta":[],"product_brand":[],"product_cat":[33],"product_tag":[],"class_list":{"0":"post-1159","1":"product","2":"type-product","3":"status-publish","4":"has-post-thumbnail","6":"product_cat-yerba-mates","8":"first","9":"instock","10":"shipping-taxable","11":"purchasable","12":"product-type-variable"},"jetpack_sharing_enabled":true,"_links":{"self":[{"href":"https:\/\/latercera.org\/es\/wp-json\/wp\/v2\/product\/1159","targetHints":{"allow":["GET"]}}],"collection":[{"href":"https:\/\/latercera.org\/es\/wp-json\/wp\/v2\/product"}],"about":[{"href":"https:\/\/latercera.org\/es\/wp-json\/wp\/v2\/types\/product"}],"replies":[{"embeddable":true,"href":"https:\/\/latercera.org\/es\/wp-json\/wp\/v2\/comments?post=1159"}],"wp:featuredmedia":[{"embeddable":true,"href":"https:\/\/latercera.org\/es\/wp-json\/wp\/v2\/media\/1627"}],"wp:attachment":[{"href":"https:\/\/latercera.org\/es\/wp-json\/wp\/v2\/media?parent=1159"}],"wp:term":[{"taxonomy":"product_brand","embeddable":true,"href":"https:\/\/latercera.org\/es\/wp-json\/wp\/v2\/product_brand?post=1159"},{"taxonomy":"product_cat","embeddable":true,"href":"https:\/\/latercera.org\/es\/wp-json\/wp\/v2\/product_cat?post=1159"},{"taxonomy":"product_tag","embeddable":true,"href":"https:\/\/latercera.org\/es\/wp-json\/wp\/v2\/product_tag?post=1159"}],"curies":[{"name":"wp","href":"https:\/\/api.w.org\/{rel}","templated":true}]}}