{"id":1197,"date":"2024-10-09T21:18:51","date_gmt":"2024-10-09T21:18:51","guid":{"rendered":"https:\/\/latercera.org\/?post_type=product&#038;p=1197"},"modified":"2025-04-20T17:49:30","modified_gmt":"2025-04-20T17:49:30","slug":"premium-leather-yerba-mate-gourd-mate-cup","status":"publish","type":"product","link":"https:\/\/latercera.org\/es\/producto\/premium-leather-yerba-mate-gourd-mate-cup\/","title":{"rendered":"Calabaza de Yerba Mate de Cuero Premium (Mate Cup)"},"content":{"rendered":"<h2>Introducci\u00f3n a una experiencia \u00fanica<\/h2>\n<p>Experimente la tradici\u00f3n atemporal de la yerba mate con nuestro mate de cuero de primera calidad. Hecho a mano para la calidad y la comodidad, esta taza de mate es el compa\u00f1ero perfecto para sus rituales diarios.<\/p>\n<h2>Calidad artesanal<\/h2>\n<p>Cada calabaza est\u00e1 hecha con atenci\u00f3n al detalle, con cuero genuino que garantiza una est\u00e9tica \u00fanica y durabilidad. Este material de alta calidad no solo a\u00f1ade un toque de elegancia, sino que tambi\u00e9n mejora la experiencia del mate.<\/p>\n<h2>Perfecto para cualquier ocasi\u00f3n<\/h2>\n<p>Ya sea en casa o sobre la marcha, nuestra calabaza de yerba mate de cuero de primera calidad eleva su experiencia de beber. Abrace la calidez de la tradici\u00f3n y disfrute de la yerba mate con estilo con esta exquisita taza de mate, ideal tanto para uso casual como ceremonial.<\/p>","protected":false},"excerpt":{"rendered":"<p>Introduction to a Unique Experience Experience the timeless tradition of yerba mate with our premium leather yerba mate gourd. Handcrafted for quality and comfort, this mate cup is the perfect companion for your daily rituals. Quality Craftsmanship Each gourd is crafted with attention to detail, featuring genuine leather that ensures a unique aesthetic and durability. [&hellip;]<\/p>","protected":false},"featured_media":1190,"comment_status":"open","ping_status":"closed","template":"","meta":[],"product_brand":[],"product_cat":[49,47],"product_tag":[],"class_list":{"0":"post-1197","1":"product","2":"type-product","3":"status-publish","4":"has-post-thumbnail","6":"product_cat-all-products-straws-thermos","7":"product_cat-gourds-cups","9":"first","10":"outofstock","11":"shipping-taxable","12":"purchasable","13":"product-type-simple"},"jetpack_sharing_enabled":true,"_links":{"self":[{"href":"https:\/\/latercera.org\/es\/wp-json\/wp\/v2\/product\/1197","targetHints":{"allow":["GET"]}}],"collection":[{"href":"https:\/\/latercera.org\/es\/wp-json\/wp\/v2\/product"}],"about":[{"href":"https:\/\/latercera.org\/es\/wp-json\/wp\/v2\/types\/product"}],"replies":[{"embeddable":true,"href":"https:\/\/latercera.org\/es\/wp-json\/wp\/v2\/comments?post=1197"}],"wp:featuredmedia":[{"embeddable":true,"href":"https:\/\/latercera.org\/es\/wp-json\/wp\/v2\/media\/1190"}],"wp:attachment":[{"href":"https:\/\/latercera.org\/es\/wp-json\/wp\/v2\/media?parent=1197"}],"wp:term":[{"taxonomy":"product_brand","embeddable":true,"href":"https:\/\/latercera.org\/es\/wp-json\/wp\/v2\/product_brand?post=1197"},{"taxonomy":"product_cat","embeddable":true,"href":"https:\/\/latercera.org\/es\/wp-json\/wp\/v2\/product_cat?post=1197"},{"taxonomy":"product_tag","embeddable":true,"href":"https:\/\/latercera.org\/es\/wp-json\/wp\/v2\/product_tag?post=1197"}],"curies":[{"name":"wp","href":"https:\/\/api.w.org\/{rel}","templated":true}]}}