{"id":1324,"date":"2024-10-24T15:34:27","date_gmt":"2024-10-24T15:34:27","guid":{"rendered":"https:\/\/latercera.org\/?post_type=product&#038;p=1324"},"modified":"2026-04-25T10:26:46","modified_gmt":"2026-04-25T10:26:46","slug":"mananita-yerba-mate-500g","status":"publish","type":"product","link":"https:\/\/latercera.org\/es\/producto\/mananita-yerba-mate-500g\/","title":{"rendered":"Mananita Yerba Mate 500g"},"content":{"rendered":"<h2>\u00bfQu\u00e9 es la Yerba Mate Mananita?<\/h2>\n<p>La yerba mate mananita es una bebida herbal \u00fanica originaria de Sudam\u00e9rica. Conocida por su sabor refrescante, esta bebida se ha hecho popular entre los entusiastas de la salud de todo el mundo.<\/p>\n<h2>Beneficios para la salud<\/h2>\n<p>Rica en antioxidantes, la yerba mate mananita ofrece numerosos beneficios para la salud. Puede aumentar los niveles de energ\u00eda, mejorar la claridad mental e incluso facilitar la digesti\u00f3n. Su consumo regular puede contribuir al bienestar general.<\/p>\n<h2>C\u00f3mo disfrutar de la Yerba Mate Mananita<\/h2>\n<p>La yerba mate mananita puede prepararse de varias maneras, ya sea con m\u00e9todos tradicionales, utilizando una calabaza y una bombilla, o simplemente remoj\u00e1ndola en agua caliente. Cada m\u00e9todo resalta los distintos sabores, convirti\u00e9ndola en una experiencia agradable.<\/p>","protected":false},"excerpt":{"rendered":"<p>What is Mananita Yerba Mate? Mananita yerba mate is a unique herbal beverage that originates from South America. Known for its refreshing taste, this drink has become popular among health enthusiasts around the globe. Health Benefits Rich in antioxidants, mananita yerba mate offers numerous health benefits. It may boost energy levels, enhance mental clarity, and [&hellip;]<\/p>","protected":false},"featured_media":1626,"comment_status":"open","ping_status":"closed","template":"","meta":[],"product_brand":[],"product_cat":[33],"product_tag":[],"class_list":{"0":"post-1324","1":"product","2":"type-product","3":"status-publish","4":"has-post-thumbnail","6":"product_cat-yerba-mates","8":"first","9":"instock","10":"shipping-taxable","11":"purchasable","12":"product-type-simple"},"jetpack_sharing_enabled":true,"_links":{"self":[{"href":"https:\/\/latercera.org\/es\/wp-json\/wp\/v2\/product\/1324","targetHints":{"allow":["GET"]}}],"collection":[{"href":"https:\/\/latercera.org\/es\/wp-json\/wp\/v2\/product"}],"about":[{"href":"https:\/\/latercera.org\/es\/wp-json\/wp\/v2\/types\/product"}],"replies":[{"embeddable":true,"href":"https:\/\/latercera.org\/es\/wp-json\/wp\/v2\/comments?post=1324"}],"wp:featuredmedia":[{"embeddable":true,"href":"https:\/\/latercera.org\/es\/wp-json\/wp\/v2\/media\/1626"}],"wp:attachment":[{"href":"https:\/\/latercera.org\/es\/wp-json\/wp\/v2\/media?parent=1324"}],"wp:term":[{"taxonomy":"product_brand","embeddable":true,"href":"https:\/\/latercera.org\/es\/wp-json\/wp\/v2\/product_brand?post=1324"},{"taxonomy":"product_cat","embeddable":true,"href":"https:\/\/latercera.org\/es\/wp-json\/wp\/v2\/product_cat?post=1324"},{"taxonomy":"product_tag","embeddable":true,"href":"https:\/\/latercera.org\/es\/wp-json\/wp\/v2\/product_tag?post=1324"}],"curies":[{"name":"wp","href":"https:\/\/api.w.org\/{rel}","templated":true}]}}