{"id":989,"date":"2024-10-03T16:48:57","date_gmt":"2024-10-03T16:48:57","guid":{"rendered":"https:\/\/latercera.org\/?post_type=product&#038;p=989"},"modified":"2025-01-23T15:19:38","modified_gmt":"2025-01-23T15:19:38","slug":"rosamonte-yerba-mate","status":"publish","type":"product","link":"https:\/\/latercera.org\/es\/producto\/rosamonte-yerba-mate\/","title":{"rendered":"Rosamonte Yerba Mate"},"content":{"rendered":"<h2>\u00bfQu\u00e9 es la Yerba Mate Rosamonte?<\/h2>\n<p>La Yerba Mate Rosamonte es una bebida deliciosa y tradicional originaria de Argentina. Apreciada por su sabor \u00fanico y sus propiedades energizantes, re\u00fane la rica cultura y la pasi\u00f3n del consumo de t\u00e9 en Sudam\u00e9rica.<\/p>\n<h2>Beneficios de Rosamonte para la salud<\/h2>\n<p>Esta infusi\u00f3n de hierbas no s\u00f3lo es refrescante, sino que est\u00e1 repleta de antioxidantes y nutrientes que favorecen el bienestar general. Disfrutar de una taza de Rosamonte puede ayudar a estimular el metabolismo y proporcionar un suave subid\u00f3n de energ\u00eda.<\/p>\n<h2>C\u00f3mo disfrutar de Rosamonte<\/h2>\n<p>Tanto si prefiere la preparaci\u00f3n cl\u00e1sica con bombilla como en un moderno infusor de t\u00e9, la Yerba Mate Rosamonte es vers\u00e1til. Se puede disfrutar caliente o fr\u00eda, \u00a1lo que la convierte en la compa\u00f1era perfecta para cualquier ocasi\u00f3n!<\/p>","protected":false},"excerpt":{"rendered":"<p>What is Rosamonte Yerba Mate? Rosamonte Yerba Mate is a delightful and traditional beverage originating from Argentina. Loved for its unique flavor and energizing properties, it brings together the rich culture and passion of South American tea drinking. Health Benefits of Rosamonte This herbal infusion is not just refreshing; it is packed with antioxidants and [&hellip;]<\/p>","protected":false},"featured_media":986,"comment_status":"open","ping_status":"closed","template":"","meta":[],"product_brand":[],"product_cat":[33],"product_tag":[],"class_list":{"0":"post-989","1":"product","2":"type-product","3":"status-publish","4":"has-post-thumbnail","6":"product_cat-yerba-mates","8":"first","9":"outofstock","10":"shipping-taxable","11":"purchasable","12":"product-type-simple"},"jetpack_sharing_enabled":true,"_links":{"self":[{"href":"https:\/\/latercera.org\/es\/wp-json\/wp\/v2\/product\/989","targetHints":{"allow":["GET"]}}],"collection":[{"href":"https:\/\/latercera.org\/es\/wp-json\/wp\/v2\/product"}],"about":[{"href":"https:\/\/latercera.org\/es\/wp-json\/wp\/v2\/types\/product"}],"replies":[{"embeddable":true,"href":"https:\/\/latercera.org\/es\/wp-json\/wp\/v2\/comments?post=989"}],"wp:featuredmedia":[{"embeddable":true,"href":"https:\/\/latercera.org\/es\/wp-json\/wp\/v2\/media\/986"}],"wp:attachment":[{"href":"https:\/\/latercera.org\/es\/wp-json\/wp\/v2\/media?parent=989"}],"wp:term":[{"taxonomy":"product_brand","embeddable":true,"href":"https:\/\/latercera.org\/es\/wp-json\/wp\/v2\/product_brand?post=989"},{"taxonomy":"product_cat","embeddable":true,"href":"https:\/\/latercera.org\/es\/wp-json\/wp\/v2\/product_cat?post=989"},{"taxonomy":"product_tag","embeddable":true,"href":"https:\/\/latercera.org\/es\/wp-json\/wp\/v2\/product_tag?post=989"}],"curies":[{"name":"wp","href":"https:\/\/api.w.org\/{rel}","templated":true}]}}